{"id":80,"date":"2018-10-03T13:24:02","date_gmt":"2018-10-03T13:24:02","guid":{"rendered":"http:\/\/dr-trockels.de\/?page_id=80"},"modified":"2019-05-14T22:49:28","modified_gmt":"2019-05-14T22:49:28","slug":"impressum","status":"publish","type":"page","link":"https:\/\/dr-trockels.de\/fr\/impressum\/","title":{"rendered":"Informations g\u00e9n\u00e9rales"},"content":{"rendered":"\n<p>Dr. Friedrich Trockels<br>Rechtsanwalt (Deutschland) (Avocat) <br>Wieksweg 8<br>D &#8211; 33378 RHEDA-WIEDENBR\u00dcCK<br>(B.P. 25 63, D &#8211; 33353 RHEDA-WIEDENBR\u00dcCK)<\/p>\n\n\n\n<p>Rechtsanwaltskammer\nf\u00fcr den Oberlandesgerichtsbezirk Hamm, Ostenallee 18, 59063 Hamm<\/p>\n\n\n\n<p>R\u00e8glementations d\u00e9ontologiques : BRAO, RVG, FAO, IORA, CCBE, \u00e0 consulter sur le site internet <a href=\"http:\/\/www.brak.de\/\">www.brak.de<\/a> sous le lien \u201eInformationspflichten gem\u00e4\u00df \u00a7 6 TDG\u201c<br><br>USt-Id-Nr. DE112105770<\/p>\n\n\n\n<p>T\u00e9l. +00 49  (0) 52 42 \/ 90 80 01<br>Fax +00 49  (0) 52 42 \/ 90 80 03<br>E-Mail: trockels@web.de<br><\/p>\n\n\n\n<p>Copyright : Me TROCKELS<br>Conception et design : Me TROCKELS et MODERNE REKLAME<br>Photographies : Dirk Vaartjes <br>R\u00e9alisation et programmation : Silke Hilt<\/p>\n\n\n\n<p>Les renseignements donn\u00e9s sur ce site internet sont exclusivement de caract\u00e8re g\u00e9n\u00e9ral informatif et ne constituent pas une consultation juridique. <\/p>\n\n\n\n<p>J&rsquo;ai soigneusement v\u00e9rifi\u00e9 les renseignements, mais je ne saurais \u00eatre tenu responsable de l&rsquo;exactitude, de l&rsquo;int\u00e9gralit\u00e9 et de l&rsquo;actualit\u00e9 des informations offertes. Le contenu de sites internet externes accessibles depuis ce site par des liens hypertextes ou qui se r\u00e9f\u00e8rent \u00e0 ce site, sont des contenus d&rsquo;autrui sur lesquels je n&rsquo;ai aucune influence et dont je n&rsquo;assume pas la responsabilit\u00e9.<\/p>\n","protected":false},"excerpt":{"rendered":"<p>Dr. Friedrich TrockelsRechtsanwalt (Deutschland) (Avocat) Wieksweg 8D &#8211; 33378 RHEDA-WIEDENBR\u00dcCK(B.P. 25 63, D &#8211; 33353 RHEDA-WIEDENBR\u00dcCK) Rechtsanwaltskammer f\u00fcr den Oberlandesgerichtsbezirk Hamm, Ostenallee 18, 59063 Hamm R\u00e8glementations d\u00e9ontologiques : BRAO, RVG, FAO, IORA, CCBE, \u00e0 consulter sur le site internet www.brak.de sous le lien \u201eInformationspflichten gem\u00e4\u00df \u00a7 6 TDG\u201c USt-Id-Nr. DE112105770 T\u00e9l. +00 49 (0) 52 &hellip; <a href=\"https:\/\/dr-trockels.de\/fr\/impressum\/\" class=\"more-link\">Continuer la lecture de <span class=\"screen-reader-text\">Informations g\u00e9n\u00e9rales<\/span><\/a><\/p>\n","protected":false},"author":1,"featured_media":168,"parent":0,"menu_order":0,"comment_status":"closed","ping_status":"closed","template":"","meta":{"_monsterinsights_skip_tracking":false,"_monsterinsights_sitenote_active":false,"_monsterinsights_sitenote_note":"","_monsterinsights_sitenote_category":0,"footnotes":""},"class_list":["post-80","page","type-page","status-publish","has-post-thumbnail","hentry"],"translation":{"provider":"WPGlobus","version":"3.0.1","language":"fr","enabled_languages":["de","en","fr"],"languages":{"de":{"title":true,"content":true,"excerpt":false},"en":{"title":true,"content":true,"excerpt":false},"fr":{"title":true,"content":true,"excerpt":false}}},"aioseo_notices":[],"_links":{"self":[{"href":"https:\/\/dr-trockels.de\/fr\/wp-json\/wp\/v2\/pages\/80","targetHints":{"allow":["GET"]}}],"collection":[{"href":"https:\/\/dr-trockels.de\/fr\/wp-json\/wp\/v2\/pages"}],"about":[{"href":"https:\/\/dr-trockels.de\/fr\/wp-json\/wp\/v2\/types\/page"}],"author":[{"embeddable":true,"href":"https:\/\/dr-trockels.de\/fr\/wp-json\/wp\/v2\/users\/1"}],"replies":[{"embeddable":true,"href":"https:\/\/dr-trockels.de\/fr\/wp-json\/wp\/v2\/comments?post=80"}],"version-history":[{"count":8,"href":"https:\/\/dr-trockels.de\/fr\/wp-json\/wp\/v2\/pages\/80\/revisions"}],"predecessor-version":[{"id":301,"href":"https:\/\/dr-trockels.de\/fr\/wp-json\/wp\/v2\/pages\/80\/revisions\/301"}],"wp:featuredmedia":[{"embeddable":true,"href":"https:\/\/dr-trockels.de\/fr\/wp-json\/wp\/v2\/media\/168"}],"wp:attachment":[{"href":"https:\/\/dr-trockels.de\/fr\/wp-json\/wp\/v2\/media?parent=80"}],"curies":[{"name":"wp","href":"https:\/\/api.w.org\/{rel}","templated":true}]}}