{"id":66,"date":"2018-10-03T12:52:48","date_gmt":"2018-10-03T12:52:48","guid":{"rendered":"http:\/\/dr-trockels.de\/?page_id=66"},"modified":"2021-06-30T14:27:09","modified_gmt":"2021-06-30T14:27:09","slug":"standort","status":"publish","type":"page","link":"https:\/\/dr-trockels.de\/fr\/standort\/","title":{"rendered":"Emplacement du cabinet"},"content":{"rendered":"\n<div class=\"wp-block-image\"><figure class=\"alignright\"><img loading=\"lazy\" decoding=\"async\" width=\"258\" height=\"300\" src=\"http:\/\/dr-trockels.de\/wp-content\/uploads\/2018\/10\/Landkarte_neu-258x300.jpg\" alt=\"\" class=\"wp-image-197\" srcset=\"https:\/\/dr-trockels.de\/wp-content\/uploads\/2018\/10\/Landkarte_neu-258x300.jpg 258w, https:\/\/dr-trockels.de\/wp-content\/uploads\/2018\/10\/Landkarte_neu.jpg 349w\" sizes=\"auto, (max-width: 258px) 100vw, 258px\" \/><\/figure><\/div>\n\n\n\n<p>Depuis mi-1999, le cabinet est implant\u00e9 \u00e0 RHEDA-WIEDENBR\u00dcCK, une ville d&rsquo;environ 49.000 habitants situ\u00e9e favorablement \u00e0 proximit\u00e9 de&nbsp; l&rsquo;autoroute A 2 et de la ligne de chemin de fer reliant COLOGNE et DORTMUND \u00e0 BERLIN. Les a\u00e9roports de PADERBORN\/ LIPPSTADT, DORTMUND et M\u00dcNSTER\/ OSNABR\u00dcCK sont \u00e0 une distance respective de 50 et 70 km.<\/p>\n\n\n\n<p>Dans un rayon d&rsquo;environ 60 km se trouvent\nles tribunaux de grande instance de BIELEFELD, DETMOLD, PADERBORN et M\u00dcNSTER\nainsi que la Cour d&rsquo;Appel de HAMM qui est comp\u00e9tente pour la plus grande\ncirconscription d&rsquo;Allemagne et qui est de plus une juridiction d\u00e9terminante.<\/p>\n\n\n\n<p>La r\u00e9gion d\u2019OSTWESTFALEN &#8211; LIPPE est un exemple classique de r\u00e9gion\nindustrielle traditionnelle, qui gr\u00e2ce \u00e0 son tissu important et dynamique de\npetites et moyennes entreprises, a toujours su se r\u00e9g\u00e9n\u00e9rer sans l\u2019assistance\nde l\u2019Etat. Outre cette diversit\u00e9 industrielle, la r\u00e9gion profite aussi de son\nattrait touristique. Elle est per\u00e7ue comme \u00ab&nbsp;le jardin curatif\nd\u2019Allemagne&nbsp;\u00bb car elle r\u00e9unit de nombreuses stations thermales et villes\nd\u2019eaux r\u00e9put\u00e9es ainsi que des institutions diaconales traditionnelles de soins\nm\u00e9dicaux et de retrait\u00e9s. Forte de ces diff\u00e9rents atouts, la r\u00e9gion a r\u00e9ussi\njusqu&rsquo;\u00e0 pr\u00e9sent \u00e0 se d\u00e9tacher nettement par sa croissance extraordinaire, du\nd\u00e9veloppement en Rh\u00e9nanie-du-Nord-Westphalie, mais aussi de celui de la\nR\u00e9publique F\u00e9d\u00e9rale d\u2019Allemagne toute enti\u00e8re.<\/p>\n\n\n\n<p>Si l\u2019on regarde le produit de la taxe professionnelle et le nombre d\u2019\nemploy\u00e9s dans le secteur de l\u2019industrie, du commerce et de l\u2019artisanat, la\nr\u00e9gion occupe une place de t\u00eate en Allemagne. Ainsi, le nombre des employ\u00e9s\nassujettis \u00e0 l\u2019assurance sociale a augment\u00e9 de 500.000 \u00e0 680.000 entre 1984 et\n2016. Au mois de septembre 2018, le taux de ch\u00f4mage \u00e9tait de 3.7 %,\nc\u2019est\u2013\u00e0-dire pratiquement le plein emploi. <\/p>\n\n\n\n<p>Malgr\u00e9 des conditions favorables lors des ann\u00e9es apr\u00e8s guerre, la r\u00e9gion\nn\u2019a pas \u00e9t\u00e9 \u00e9pargn\u00e9e par les crises sectorielles lors des derni\u00e8res d\u00e9cennies. La\npr\u00e9pond\u00e9rance des industries traditionnelles \u2013 textiles et v\u00eatements, cigares,\nmeubles \u2013 a diminu\u00e9 de mani\u00e8re consid\u00e9rable. Les fabricants d\u2019autrefois ont \u00e9volu\u00e9s\nbien souvent en entreprises de marketing qui d\u00e9veloppent et distribuent des\nproduits de marque fabriqu\u00e9s dans leurs filiales ou dans des soci\u00e9t\u00e9s tierces\nsitu\u00e9es \u00e0 l\u2019\u00e9tranger. D\u2019autres soci\u00e9t\u00e9s de textile connues sont <strong>JAB Anstoetz<\/strong> et <strong>Seidensticker<\/strong> \u00e0 Bielefeld ainsi que <strong>Brax<\/strong> \u00e0 Herford. De m\u00eame, on constate qu&rsquo;environ un tiers de\nl\u2019industrie d\u2019ameublement allemande reste concentr\u00e9 sur la r\u00e9gion. Celle-ci\ncomprend notamment les soci\u00e9t\u00e9s <strong>Schieder<\/strong>\net <strong>Welle<\/strong> \u00e0 PADERBORN, <strong>Interl\u00fcbke<\/strong> et <strong>COR<\/strong> \u00e0 RHEDA-WIEDENBR\u00dcCK, <strong>Poggenpohl<\/strong>\n\u00e0 Herford ou <strong>Nobilia<\/strong> \u00e0 G\u00fctersloh.\nPar contre, les secteurs de la construction m\u00e9canique de machines et de\nl&rsquo;\u00e9lectrotechnique sont amen\u00e9s \u00e0 jouer de plus en plus le r\u00f4le de stabilisateur.\nEt la croissance est essentiellement marqu\u00e9e par les secteurs des services et\ndu commerce.<\/p>\n\n\n\n<p>Si la vitalit\u00e9 de la r\u00e9gion d\u00e9pend toujours du grand nombre de petites et\nmoyennes entreprises qui y sont implant\u00e9es, elle peut aussi \u00eatre attribu\u00e9e aux\nnombreuses grandes entreprises connues au plan national et international. Parmi\ncelles-ci, de vielles connaissances telles que le groupe <strong>BERTELSMANN<\/strong> \u2013 leader mondial (filiale fran\u00e7aise&nbsp;: <strong>FRANCE LOISIR<\/strong>) est l\u2019un des plus grands\nemployeurs de la r\u00e9gion -, <strong>MIELE<\/strong>,\nl\u2019un des leaders de fabricants europ\u00e9ens de machines \u00e0 laver jouissant d\u2019une\nr\u00e9putation internationale, les deux groupes ont leur si\u00e8ge \u00e0 G\u00dcTERSLOH et <strong>SCH\u00dcCO<\/strong> \u00e0 Bielefeld. Parmi les\nconstructeurs de machines occupant un r\u00f4le pr\u00e9pond\u00e9rant en Europe dans le\ndomaine de la construction de machines agricoles, compte le fabricant de\nmoissonneuses-batteuses <strong>CLAAS<\/strong> \u00e0\nHARSEWINKEL. Les fabricants de produits alimentaires <strong>OETKER<\/strong> \u00e0 BIELEFELD et <strong>Kuchenmeister\nGmbH G\u00fcnter Trockels<\/strong> \u00e0 SOEST ainsi que le fabricant de papier-filtre <strong>MELITTA<\/strong> \u00e0 MINDEN sont d&rsquo;autres soci\u00e9t\u00e9s\nde r\u00e9putation internationale.<br><\/p>\n","protected":false},"excerpt":{"rendered":"<p>Depuis mi-1999, le cabinet est implant\u00e9 \u00e0 RHEDA-WIEDENBR\u00dcCK, une ville d&rsquo;environ 49.000 habitants situ\u00e9e favorablement \u00e0 proximit\u00e9 de&nbsp; l&rsquo;autoroute A 2 et de la ligne de chemin de fer reliant COLOGNE et DORTMUND \u00e0 BERLIN. Les a\u00e9roports de PADERBORN\/ LIPPSTADT, DORTMUND et M\u00dcNSTER\/ OSNABR\u00dcCK sont \u00e0 une distance respective de 50 et 70 km. Dans &hellip; <a href=\"https:\/\/dr-trockels.de\/fr\/standort\/\" class=\"more-link\">Continuer la lecture de <span class=\"screen-reader-text\">Emplacement du cabinet<\/span><\/a><\/p>\n","protected":false},"author":1,"featured_media":166,"parent":0,"menu_order":0,"comment_status":"closed","ping_status":"closed","template":"","meta":{"_monsterinsights_skip_tracking":false,"_monsterinsights_sitenote_active":false,"_monsterinsights_sitenote_note":"","_monsterinsights_sitenote_category":0,"footnotes":""},"class_list":["post-66","page","type-page","status-publish","has-post-thumbnail","hentry"],"translation":{"provider":"WPGlobus","version":"3.0.1","language":"fr","enabled_languages":["de","en","fr"],"languages":{"de":{"title":true,"content":true,"excerpt":false},"en":{"title":true,"content":true,"excerpt":false},"fr":{"title":true,"content":true,"excerpt":false}}},"aioseo_notices":[],"_links":{"self":[{"href":"https:\/\/dr-trockels.de\/fr\/wp-json\/wp\/v2\/pages\/66","targetHints":{"allow":["GET"]}}],"collection":[{"href":"https:\/\/dr-trockels.de\/fr\/wp-json\/wp\/v2\/pages"}],"about":[{"href":"https:\/\/dr-trockels.de\/fr\/wp-json\/wp\/v2\/types\/page"}],"author":[{"embeddable":true,"href":"https:\/\/dr-trockels.de\/fr\/wp-json\/wp\/v2\/users\/1"}],"replies":[{"embeddable":true,"href":"https:\/\/dr-trockels.de\/fr\/wp-json\/wp\/v2\/comments?post=66"}],"version-history":[{"count":23,"href":"https:\/\/dr-trockels.de\/fr\/wp-json\/wp\/v2\/pages\/66\/revisions"}],"predecessor-version":[{"id":326,"href":"https:\/\/dr-trockels.de\/fr\/wp-json\/wp\/v2\/pages\/66\/revisions\/326"}],"wp:featuredmedia":[{"embeddable":true,"href":"https:\/\/dr-trockels.de\/fr\/wp-json\/wp\/v2\/media\/166"}],"wp:attachment":[{"href":"https:\/\/dr-trockels.de\/fr\/wp-json\/wp\/v2\/media?parent=66"}],"curies":[{"name":"wp","href":"https:\/\/api.w.org\/{rel}","templated":true}]}}