{"id":63,"date":"2018-10-03T12:44:36","date_gmt":"2018-10-03T12:44:36","guid":{"rendered":"http:\/\/dr-trockels.de\/?page_id=63"},"modified":"2019-05-14T22:48:53","modified_gmt":"2019-05-14T22:48:53","slug":"bewerbungen","status":"publish","type":"page","link":"https:\/\/dr-trockels.de\/fr\/bewerbungen\/","title":{"rendered":"Canidatures"},"content":{"rendered":"\n<p>-Les Referendare (\u00e9tudiants en droit ayant pass\u00e9 leur premier examen d&rsquo;Etat) qualifi\u00e9s et engag\u00e9s ainsi que des stagiaires allemands et \u00e9trangerssont toujours les bienvenus. La formation au sein de mon cabinet vous permet de vous faire une id\u00e9e non seulement du travail juridique en tant que tel, mais \u00e9galement de l&rsquo;activit\u00e9 d&rsquo;un avocat charg\u00e9 d&rsquo;affaires transfrontali\u00e8res, et vous offre la possibilit\u00e9 de vous servir de vos connaissances linguistiques dans la vie professionnelle quotidienne.<\/p>\n\n\n\n<p><strong>&#8211;<\/strong>Sont les bienvenues en outre, les candidatures de jeunes avocats\/avocates ayant des examens sup\u00e9rieurs, des connaissances linguistiques approfondies \u00e0 l&rsquo;\u00e9tranger, de la cr\u00e9ativit\u00e9 et du sens \u00e9conomique. Vous b\u00e9n\u00e9ficierez d&rsquo;une formation exhaustive d&rsquo;un haut niveau, et aurez la possibilit\u00e9 d&rsquo;exercer une activit\u00e9 exigeante de conseil dans les rapports juridiques transfrontaliers prometteurs. Vous pourrez pourtant \u00eatre int\u00e9ress\u00e9 \u00e0 exercer, dans une petite structure, une profession \u00ab\u00a0lib\u00e9rale\u00a0\u00bb, et chercher \u00e0 travailler de mani\u00e8re autonome, avec pour objectif la prospection d&rsquo;une client\u00e8le propre de par votre engagement personnel et par vos propres capacit\u00e9s. priority<\/p>\n","protected":false},"excerpt":{"rendered":"<p>-Les Referendare (\u00e9tudiants en droit ayant pass\u00e9 leur premier examen d&rsquo;Etat) qualifi\u00e9s et engag\u00e9s ainsi que des stagiaires allemands et \u00e9trangerssont toujours les bienvenus. La formation au sein de mon cabinet vous permet de vous faire une id\u00e9e non seulement du travail juridique en tant que tel, mais \u00e9galement de l&rsquo;activit\u00e9 d&rsquo;un avocat charg\u00e9 d&rsquo;affaires &hellip; <a href=\"https:\/\/dr-trockels.de\/fr\/bewerbungen\/\" class=\"more-link\">Continuer la lecture de <span class=\"screen-reader-text\">Canidatures<\/span><\/a><\/p>\n","protected":false},"author":1,"featured_media":72,"parent":0,"menu_order":0,"comment_status":"closed","ping_status":"closed","template":"","meta":{"_monsterinsights_skip_tracking":false,"_monsterinsights_sitenote_active":false,"_monsterinsights_sitenote_note":"","_monsterinsights_sitenote_category":0,"footnotes":""},"class_list":["post-63","page","type-page","status-publish","has-post-thumbnail","hentry"],"translation":{"provider":"WPGlobus","version":"3.0.1","language":"fr","enabled_languages":["de","en","fr"],"languages":{"de":{"title":true,"content":true,"excerpt":false},"en":{"title":true,"content":true,"excerpt":false},"fr":{"title":true,"content":true,"excerpt":false}}},"aioseo_notices":[],"_links":{"self":[{"href":"https:\/\/dr-trockels.de\/fr\/wp-json\/wp\/v2\/pages\/63","targetHints":{"allow":["GET"]}}],"collection":[{"href":"https:\/\/dr-trockels.de\/fr\/wp-json\/wp\/v2\/pages"}],"about":[{"href":"https:\/\/dr-trockels.de\/fr\/wp-json\/wp\/v2\/types\/page"}],"author":[{"embeddable":true,"href":"https:\/\/dr-trockels.de\/fr\/wp-json\/wp\/v2\/users\/1"}],"replies":[{"embeddable":true,"href":"https:\/\/dr-trockels.de\/fr\/wp-json\/wp\/v2\/comments?post=63"}],"version-history":[{"count":8,"href":"https:\/\/dr-trockels.de\/fr\/wp-json\/wp\/v2\/pages\/63\/revisions"}],"predecessor-version":[{"id":303,"href":"https:\/\/dr-trockels.de\/fr\/wp-json\/wp\/v2\/pages\/63\/revisions\/303"}],"wp:featuredmedia":[{"embeddable":true,"href":"https:\/\/dr-trockels.de\/fr\/wp-json\/wp\/v2\/media\/72"}],"wp:attachment":[{"href":"https:\/\/dr-trockels.de\/fr\/wp-json\/wp\/v2\/media?parent=63"}],"curies":[{"name":"wp","href":"https:\/\/api.w.org\/{rel}","templated":true}]}}