{"id":59,"date":"2018-10-03T12:41:35","date_gmt":"2018-10-03T12:41:35","guid":{"rendered":"http:\/\/dr-trockels.de\/?page_id=59"},"modified":"2021-06-21T12:44:40","modified_gmt":"2021-06-21T12:44:40","slug":"fortbildungen","status":"publish","type":"page","link":"https:\/\/dr-trockels.de\/fr\/fortbildungen\/","title":{"rendered":"Perfectionnement"},"content":{"rendered":"\n<p>un cours professionnel de\nconseiller fiscal d&rsquo;une dur\u00e9e d&rsquo;un an organis\u00e9 par la chambre des conseillers\nfiscaux, FRANKFURT <\/p>\n\n\n\n<p>-un cours portant sur la loi sur l&rsquo;insolvabilit\u00e9, organis\u00e9 par le Deutsche Anwaltverein (association allemande des avocats) <\/p>\n\n\n\n<p>-un cours organis\u00e9 par la Deutsche Notarakademie (acad\u00e9mie allemande des notaires) <\/p>\n\n\n\n<p>-participation \u00e0 de tr\u00e8s nombreux s\u00e9minaires de l&rsquo;Auditoriums Celle sur diff\u00e9rents sujets du droit civil, du droit commercial et du droit des soci\u00e9t\u00e9s<\/p>\n\n\n\n<p>-la participation r\u00e9guli\u00e8re aux s\u00e9minaires annuels du Bundesverband Deutscher Banken (f\u00e9d\u00e9ration des banques allemandes) sur des sujets du droit bancair<\/p>\n\n\n\n<figure class=\"wp-block-image\"><a href=\"http:\/\/www.consilium-iuris.net\/\" target=\"_blank\" rel=\"noreferrer noopener\"><img loading=\"lazy\" decoding=\"async\" width=\"300\" height=\"29\" src=\"http:\/\/dr-trockels.de\/wp-content\/uploads\/2018\/10\/logoVerlinkungjpg-300x29.jpg\" alt=\"\" class=\"wp-image-193\" srcset=\"https:\/\/dr-trockels.de\/wp-content\/uploads\/2018\/10\/logoVerlinkungjpg-300x29.jpg 300w, https:\/\/dr-trockels.de\/wp-content\/uploads\/2018\/10\/logoVerlinkungjpg.jpg 450w\" sizes=\"auto, (max-width: 300px) 100vw, 300px\" \/><\/a><\/figure>\n\n\n\n<p>-Association des juristes fran\u00e7ais et allemands<br><\/p>\n","protected":false},"excerpt":{"rendered":"<p>un cours professionnel de conseiller fiscal d&rsquo;une dur\u00e9e d&rsquo;un an organis\u00e9 par la chambre des conseillers fiscaux, FRANKFURT -un cours portant sur la loi sur l&rsquo;insolvabilit\u00e9, organis\u00e9 par le Deutsche Anwaltverein (association allemande des avocats) -un cours organis\u00e9 par la Deutsche Notarakademie (acad\u00e9mie allemande des notaires) -participation \u00e0 de tr\u00e8s nombreux s\u00e9minaires de l&rsquo;Auditoriums Celle &hellip; <a href=\"https:\/\/dr-trockels.de\/fr\/fortbildungen\/\" class=\"more-link\">Continuer la lecture de <span class=\"screen-reader-text\">Perfectionnement<\/span><\/a><\/p>\n","protected":false},"author":1,"featured_media":178,"parent":0,"menu_order":0,"comment_status":"closed","ping_status":"closed","template":"","meta":{"_monsterinsights_skip_tracking":false,"_monsterinsights_sitenote_active":false,"_monsterinsights_sitenote_note":"","_monsterinsights_sitenote_category":0,"footnotes":""},"class_list":["post-59","page","type-page","status-publish","has-post-thumbnail","hentry"],"translation":{"provider":"WPGlobus","version":"3.0.1","language":"fr","enabled_languages":["de","en","fr"],"languages":{"de":{"title":true,"content":true,"excerpt":false},"en":{"title":true,"content":true,"excerpt":false},"fr":{"title":true,"content":true,"excerpt":false}}},"aioseo_notices":[],"_links":{"self":[{"href":"https:\/\/dr-trockels.de\/fr\/wp-json\/wp\/v2\/pages\/59","targetHints":{"allow":["GET"]}}],"collection":[{"href":"https:\/\/dr-trockels.de\/fr\/wp-json\/wp\/v2\/pages"}],"about":[{"href":"https:\/\/dr-trockels.de\/fr\/wp-json\/wp\/v2\/types\/page"}],"author":[{"embeddable":true,"href":"https:\/\/dr-trockels.de\/fr\/wp-json\/wp\/v2\/users\/1"}],"replies":[{"embeddable":true,"href":"https:\/\/dr-trockels.de\/fr\/wp-json\/wp\/v2\/comments?post=59"}],"version-history":[{"count":15,"href":"https:\/\/dr-trockels.de\/fr\/wp-json\/wp\/v2\/pages\/59\/revisions"}],"predecessor-version":[{"id":322,"href":"https:\/\/dr-trockels.de\/fr\/wp-json\/wp\/v2\/pages\/59\/revisions\/322"}],"wp:featuredmedia":[{"embeddable":true,"href":"https:\/\/dr-trockels.de\/fr\/wp-json\/wp\/v2\/media\/178"}],"wp:attachment":[{"href":"https:\/\/dr-trockels.de\/fr\/wp-json\/wp\/v2\/media?parent=59"}],"curies":[{"name":"wp","href":"https:\/\/api.w.org\/{rel}","templated":true}]}}