{"id":56,"date":"2018-10-03T12:37:44","date_gmt":"2018-10-03T12:37:44","guid":{"rendered":"http:\/\/dr-trockels.de\/?page_id=56"},"modified":"2019-05-14T22:49:59","modified_gmt":"2019-05-14T22:49:59","slug":"veroeffentlichungen","status":"publish","type":"page","link":"https:\/\/dr-trockels.de\/fr\/veroeffentlichungen\/","title":{"rendered":"Publications"},"content":{"rendered":"\n<p>-\u201cL\u2019indivision et la R\u00e9partition des Dettes et des Cr\u00e9ances\u201d, M\u00fcnster 1987 <\/p>\n\n\n\n<p>-\u201cDer Konzern im franz\u00f6sischen Internationalen Privatrecht\u201d, Recht der Internationalen Wirtschaft, 1988<br><em>(Le konzern dans le droit international priv\u00e9 fran\u00e7ais)<\/em><\/p>\n\n\n\n<p>-\u201cTake-over\u201d, Der Unternehmer 1990<\/p>\n\n\n\n<p>-\u201cBusiness Judgement Rule and Corporate Take-overs\u201d, Die Aktiengesellschaft 1990<\/p>\n\n\n\n<p>-\u201cVerteidigungsma\u00dfnahmen gegen Corporate Take-overs in den USA\u201d, Zeitschrift f\u00fcr Vergleichende Rechtswissenschaft 1990<br>(Mesures pr\u00e9ventives contre corporate take-overs aux Etats Unis)<br><\/p>\n\n\n\n<p>-\u00dcbersetzung des \u201cUmsatzsteuergesetzes\u201d in die franz\u00f6sische Sprache, Collection Jupiter, T\u00f4me Allemagne 1993<br> (Traduction fran\u00e7aise de la \u00ab\u00a0Loi sur la taxe sur le chiffre d&rsquo;affaires\u00a0\u00bb en Allemagne)<br><\/p>\n\n\n\n<p>-\u201cAper\u00e7u du nouveau r\u00e9gime juridique de l\u2019insolvabilit\u00e9 en Allemagne\u201d, Revue des Proc\u00e9dures Collectives 1996 <\/p>\n\n\n\n<p>-\u00ab\u00a0So behalten Sie sich Ihr Eigentumsrecht vor!\u00a0\u00bb<br><em>(Ainsi vous pr\u00e9servez votre droit \u00e0 la propri\u00e9t\u00e9)<\/em><br><\/p>\n\n\n\n<p>-\u00ab\u00a0Brauchen Sie &lsquo;Allgemeine Gesch\u00e4ftsbedingungen&rsquo;?<br><em>(Avez-vous besoin de \u00ab\u00a0Conditions g\u00e9n\u00e9rales ?)<\/em><\/p>\n\n\n\n<p>-\u00ab\u00a0H\u00fcten Sie sich vor Mehrdeutigkeit in Ihren AGB\u00a0\u00bb<br><em>(Gardez-vous de l&rsquo;ambig\u00fcit\u00e9 de vos Conditions g\u00e9n\u00e9rales) <\/em><\/p>\n\n\n\n<p><br>-\u00ab\u00a0Zankapfel Vorf\u00e4lligkeitsentgelt\u00a0\u00bb<br><em>(Pomme de discorde : Droit d&rsquo;\u00e9ch\u00e9ance pr\u00e9matur\u00e9e)<\/em><\/p>\n\n\n\n<p>-\u00ab\u00a0K\u00f6nnen mittellose Angeh\u00f6rige f\u00fcr die Firma b\u00fcrgen?\u00a0\u00bb<br><em>(Des parents indigents, peuvent-ils se porter caution pour une soci\u00e9t\u00e9 ?)<\/em><\/p>\n\n\n\n<p>-\u00ab\u00a0Brennpunkt Insolvenzordnung: Restschuldbefreiung\u00a0\u00bb<br><em>(La loi sur l&rsquo;insolvabilit\u00e9 au centre de l&rsquo;int\u00e9r\u00eat : La lib\u00e9ration des dettes r\u00e9siduelles)<\/em><\/p>\n\n\n\n<p>-\u00ab\u00a0Brennpunkt GmbH: Kapitalersetzendes Darlehen\u00a0\u00bb<br><em>(La s.\u00e0.r.l. au centre de l&rsquo;int\u00e9r\u00eat : Le pr\u00eat tenant lieu de capital)<\/em><br><\/p>\n\n\n\n<p>-\u00ab\u00a0Das internationale Privatrecht k\u00f6nnte auch Sie angehen\u00a0\u00bb<br><em>(Le droit international priv\u00e9 pourrait vous concerner aussi)<\/em><\/p>\n\n\n\n<p>-\u00ab\u00a0Geldw\u00e4sche: Auch Sie m\u00fcssen kontrollieren!\u00a0\u00bb<em> <\/em><br><em>(Le blanchiment d&rsquo;argent : Vous aussi \u00eates oblig\u00e9 de v\u00e9rifier !)<\/em><\/p>\n\n\n\n<p>-\u00ab\u00a0Neue Insolvenzordnung\u00a0\u00bb, Tip &#038; Rat Reihe 1996,1997<br><em>(La nouvelle loi sur l&rsquo;insolvabilit\u00e9)<\/em><\/p>\n\n\n\n<p>-\u201cLe nouveau droit du travail dans le droit allemand des proc\u00e9dures collectives\u201d, Revue des Proc\u00e9dures Collectives 1997 <\/p>\n\n\n\n<p>-\u00dcbersetzung der \u201cInsolvenzordnung\u201d in die franz\u00f6sische Sprache, Collection Jupiter, Tome Allemagne 1997<br><em>(Traduction fran\u00e7aise de la \u00ab\u00a0Loi sur l&rsquo;insolvabilit\u00e9\u00a0\u00bb allemande)<\/em><\/p>\n\n\n\n<p>-\u201cL\u2019indemnit\u00e9 de mise \u00e0 pied pour cause de faillite en droit allemand de l\u2019insolvabilit\u00e9\u201d, Revue des Proc\u00e9dures Collectives, 1998 <\/p>\n\n\n\n<p>-\u201cLe droit des proc\u00e9dures collectives et le droit international priv\u00e9 allemand\u201d, Revue des Proc\u00e9dures Collectives 1998 <\/p>\n\n\n\n<p>-\u00ab\u00a0The new rules governing insolvency in Germany\u00a0\u00bb, Le droit fil, juin 1998<\/p>\n\n\n\n<p>-\u00ab\u00a0Allemagne : une nouvelle loi sur les faillites\u00a0\u00bb, Assexport, octobre 1998<\/p>\n\n\n\n<p>-\u00ab\u00a0Endettement des particuliers et lib\u00e9ration des dettes r\u00e9siduelles dans la nouvelle loi sur l&rsquo;insolvabilit\u00e9\u00a0\u00bb, Revue des Proc\u00e9dures Collectives, juin 1999<\/p>\n\n\n\n<p>-\u00ab\u00a0Le nouveau r\u00e9gime juridique de l\u2019insolvabilit\u00e9 en Allemagne\u201c, Banque et Droit, La pratique\u00a0 du droit bancaire, Juillet\/ Ao\u00fbt 1999\u201eContrat SWAP\u201c, Jurilex n\u00b0 44-2011<\/p>\n\n\n\n<p>Conf\u00e9rences sur divers sujets\nentre autre \u00e0 la <strong>Chambre de Commerce<\/strong>\nde LILLE et \u00e0 la <strong>Maison des Professions<\/strong>\nde MARCQ-EN-BAROEUL. <\/p>\n","protected":false},"excerpt":{"rendered":"<p>-\u201cL\u2019indivision et la R\u00e9partition des Dettes et des Cr\u00e9ances\u201d, M\u00fcnster 1987 -\u201cDer Konzern im franz\u00f6sischen Internationalen Privatrecht\u201d, Recht der Internationalen Wirtschaft, 1988(Le konzern dans le droit international priv\u00e9 fran\u00e7ais) -\u201cTake-over\u201d, Der Unternehmer 1990 -\u201cBusiness Judgement Rule and Corporate Take-overs\u201d, Die Aktiengesellschaft 1990 -\u201cVerteidigungsma\u00dfnahmen gegen Corporate Take-overs in den USA\u201d, Zeitschrift f\u00fcr Vergleichende Rechtswissenschaft 1990(Mesures pr\u00e9ventives &hellip; <a href=\"https:\/\/dr-trockels.de\/fr\/veroeffentlichungen\/\" class=\"more-link\">Continuer la lecture de <span class=\"screen-reader-text\">Publications<\/span><\/a><\/p>\n","protected":false},"author":1,"featured_media":164,"parent":0,"menu_order":0,"comment_status":"closed","ping_status":"closed","template":"","meta":{"_monsterinsights_skip_tracking":false,"_monsterinsights_sitenote_active":false,"_monsterinsights_sitenote_note":"","_monsterinsights_sitenote_category":0,"footnotes":""},"class_list":["post-56","page","type-page","status-publish","has-post-thumbnail","hentry"],"translation":{"provider":"WPGlobus","version":"3.0.1","language":"fr","enabled_languages":["de","en","fr"],"languages":{"de":{"title":true,"content":true,"excerpt":false},"en":{"title":true,"content":true,"excerpt":false},"fr":{"title":true,"content":true,"excerpt":false}}},"aioseo_notices":[],"_links":{"self":[{"href":"https:\/\/dr-trockels.de\/fr\/wp-json\/wp\/v2\/pages\/56","targetHints":{"allow":["GET"]}}],"collection":[{"href":"https:\/\/dr-trockels.de\/fr\/wp-json\/wp\/v2\/pages"}],"about":[{"href":"https:\/\/dr-trockels.de\/fr\/wp-json\/wp\/v2\/types\/page"}],"author":[{"embeddable":true,"href":"https:\/\/dr-trockels.de\/fr\/wp-json\/wp\/v2\/users\/1"}],"replies":[{"embeddable":true,"href":"https:\/\/dr-trockels.de\/fr\/wp-json\/wp\/v2\/comments?post=56"}],"version-history":[{"count":13,"href":"https:\/\/dr-trockels.de\/fr\/wp-json\/wp\/v2\/pages\/56\/revisions"}],"predecessor-version":[{"id":292,"href":"https:\/\/dr-trockels.de\/fr\/wp-json\/wp\/v2\/pages\/56\/revisions\/292"}],"wp:featuredmedia":[{"embeddable":true,"href":"https:\/\/dr-trockels.de\/fr\/wp-json\/wp\/v2\/media\/164"}],"wp:attachment":[{"href":"https:\/\/dr-trockels.de\/fr\/wp-json\/wp\/v2\/media?parent=56"}],"curies":[{"name":"wp","href":"https:\/\/api.w.org\/{rel}","templated":true}]}}