{"id":38,"date":"2018-10-03T08:55:03","date_gmt":"2018-10-03T08:55:03","guid":{"rendered":"http:\/\/dr-trockels.de\/?page_id=38"},"modified":"2021-06-30T14:25:57","modified_gmt":"2021-06-30T14:25:57","slug":"portrait","status":"publish","type":"page","link":"https:\/\/dr-trockels.de\/fr\/","title":{"rendered":"Portrait"},"content":{"rendered":"\n<p>Apr\u00e8s avoir fait de \u00e9tudes de droit \u00e0 l\u2019universit\u00e9\nde M\u00fcnster en Westphalie en Allemagne et \u00e0 l\u2019universit\u00e9 de Lausanne en Suisse,\nj\u2019ai effectu\u00e9 mes stages, en autre aupr\u00e8s de la Cour d\u2019appel de Hamm en\nAllemagne et chez un avocat en France. Pendant les ann\u00e9es 1985 et 1986, j\u2019ai\nr\u00e9dig\u00e9 une th\u00e8se \u00e0 l\u2019universit\u00e9 Lille II Droit et Sant\u00e9 en France o\u00f9 j\u2019ai\nb\u00e9n\u00e9fici\u00e9 d\u2019une bourse. <\/p>\n\n\n\n<p>Admis au barreau depuis 1986, j&rsquo;ai\ntravaill\u00e9 dans un des grands cabinets \u00e0 FRANKFURT et \u00e0 PARIS de 1986 \u00e0 1989. En\n1988\/89, j&rsquo;ai \u00e9t\u00e9 \u00ab\u00a0foreign associate\u00a0\u00bb au cabinet international&nbsp; Coudert Brothers \u00e0 NEW YORK CITY. <\/p>\n\n\n\n<p>De 1989 \u00e0 2016 j\u2019ai conseill\u00e9 les\nsuccursales de la BNP Paribas S.A. en Allemagne en tant que directeur du\nd\u00e9partement juridique.<\/p>\n\n\n\n<p>En 1998, j&rsquo;ai fond\u00e9 le GEIE <a href=\"http:\/\/www.consilium-iuris.net\/\" target=\"_blank\" rel=\"noopener noreferrer\"><img loading=\"lazy\" decoding=\"async\" width=\"300\" height=\"29\" class=\"alignnone wp-image-193 size-medium\" alt=\"Consilium Iuris Ewiv\" src=\"http:\/\/dr-trockels.de\/wp-content\/uploads\/2018\/10\/logoVerlinkungjpg-300x29.jpg\" srcset=\"https:\/\/dr-trockels.de\/wp-content\/uploads\/2018\/10\/logoVerlinkungjpg-300x29.jpg 300w, https:\/\/dr-trockels.de\/wp-content\/uploads\/2018\/10\/logoVerlinkungjpg.jpg 450w\" sizes=\"auto, (max-width: 300px) 100vw, 300px\" \/><\/a> dont j&rsquo;assure la fonction de g\u00e9rant depuis sa constitution. Ce groupement europ\u00e9en d&rsquo;int\u00e9r\u00eats \u00e9conomiques est compos\u00e9 d\u2019un r\u00e9seau d&rsquo;avocats, commissaires aux comptes et conseillers fiscaux en Allemagne et \u00e0 l&rsquo;\u00e9tranger. <\/p>\n\n\n\n<p>En outre, je\nparticipe \u00e0 la vie \u00e9conomique en tant qu\u2019associ\u00e9 et g\u00e9rant de ma propre soci\u00e9t\u00e9,\net ceci depuis d\u00e9j\u00e0 de longues ann\u00e9es.<\/p>\n\n\n\n<p>Ma collaboratrice,\nMadame Julia Schumann, est traductrice dipl\u00f4m\u00e9e (Universit\u00e9 Magdeburg- Stendal\nFH). Lors de sa formation, elle a \u00e9galement vecu et travaill\u00e9 en France.<\/p>\n\n\n\n<p>Mes clients sont presqu\u2019 exclusivement de\nmoyennes entreprises ayant leur si\u00e8ge en Allemagne ou \u00e0 l&rsquo;\u00e9tranger, et\nnotamment en France. <\/p>\n\n\n\n<p>Chaque client re\u00e7oit des conseils\nindividuels et comp\u00e9tents sous bref d\u00e9lai. L&rsquo;exp\u00e9rience, la comp\u00e9tence\n\u00e9conomique, les connaissances linguistiques approfondies et la compr\u00e9hension\nculturelle de nos clients \u00e9trangers, sont nos points forts. <\/p>\n\n\n\n<p>Les prestations compl\u00e9mentaires touchant\nd&rsquo;autres domaines juridiques &#8211; comme par exemple le notariat, le droit des\nbrevets et des marques, le droit administratif, le droit \u00e9tranger, les conseils\nen mati\u00e8re fiscale, le contr\u00f4le de la gestion et des comptes &#8211; seront fournies\nselon vos besoins par des cons\u0153urs et confr\u00e8res s\u00e9lectionn\u00e9s dans un r\u00e9seau\npersonnel. <\/p>\n\n\n\n<p>Vous avez la possibilit\u00e9 de communiquer\navec nous en Allemand, Fran\u00e7ais et Anglais.<\/p>\n\n\n\n<p>Toutes les\nprestations sont effectu\u00e9es en fonction d\u2019une analyse de rentabilit\u00e9 pour le\nclient, ce qui permet d\u2019ajuster l\u2019action juridique appropri\u00e9e. Les honoraires\nse calculent soit sur la base de la loi allemande pour les honoraires d\u2019avocat,\nsoit sur la base du temps investi. <\/p>\n","protected":false},"excerpt":{"rendered":"<p>Apr\u00e8s avoir fait de \u00e9tudes de droit \u00e0 l\u2019universit\u00e9 de M\u00fcnster en Westphalie en Allemagne et \u00e0 l\u2019universit\u00e9 de Lausanne en Suisse, j\u2019ai effectu\u00e9 mes stages, en autre aupr\u00e8s de la Cour d\u2019appel de Hamm en Allemagne et chez un avocat en France. Pendant les ann\u00e9es 1985 et 1986, j\u2019ai r\u00e9dig\u00e9 une th\u00e8se \u00e0 l\u2019universit\u00e9 &hellip; <a href=\"https:\/\/dr-trockels.de\/fr\/\" class=\"more-link\">Continuer la lecture de <span class=\"screen-reader-text\">Portrait<\/span><\/a><\/p>\n","protected":false},"author":1,"featured_media":167,"parent":0,"menu_order":0,"comment_status":"closed","ping_status":"closed","template":"","meta":{"_monsterinsights_skip_tracking":false,"_monsterinsights_sitenote_active":false,"_monsterinsights_sitenote_note":"","_monsterinsights_sitenote_category":0,"footnotes":""},"class_list":["post-38","page","type-page","status-publish","has-post-thumbnail","hentry"],"translation":{"provider":"WPGlobus","version":"3.0.1","language":"fr","enabled_languages":["de","en","fr"],"languages":{"de":{"title":true,"content":true,"excerpt":false},"en":{"title":true,"content":true,"excerpt":false},"fr":{"title":true,"content":true,"excerpt":false}}},"aioseo_notices":[],"_links":{"self":[{"href":"https:\/\/dr-trockels.de\/fr\/wp-json\/wp\/v2\/pages\/38","targetHints":{"allow":["GET"]}}],"collection":[{"href":"https:\/\/dr-trockels.de\/fr\/wp-json\/wp\/v2\/pages"}],"about":[{"href":"https:\/\/dr-trockels.de\/fr\/wp-json\/wp\/v2\/types\/page"}],"author":[{"embeddable":true,"href":"https:\/\/dr-trockels.de\/fr\/wp-json\/wp\/v2\/users\/1"}],"replies":[{"embeddable":true,"href":"https:\/\/dr-trockels.de\/fr\/wp-json\/wp\/v2\/comments?post=38"}],"version-history":[{"count":20,"href":"https:\/\/dr-trockels.de\/fr\/wp-json\/wp\/v2\/pages\/38\/revisions"}],"predecessor-version":[{"id":302,"href":"https:\/\/dr-trockels.de\/fr\/wp-json\/wp\/v2\/pages\/38\/revisions\/302"}],"wp:featuredmedia":[{"embeddable":true,"href":"https:\/\/dr-trockels.de\/fr\/wp-json\/wp\/v2\/media\/167"}],"wp:attachment":[{"href":"https:\/\/dr-trockels.de\/fr\/wp-json\/wp\/v2\/media?parent=38"}],"curies":[{"name":"wp","href":"https:\/\/api.w.org\/{rel}","templated":true}]}}