{"id":56,"date":"2018-10-03T12:37:44","date_gmt":"2018-10-03T12:37:44","guid":{"rendered":"http:\/\/dr-trockels.de\/?page_id=56"},"modified":"2019-05-14T22:49:59","modified_gmt":"2019-05-14T22:49:59","slug":"veroeffentlichungen","status":"publish","type":"page","link":"https:\/\/dr-trockels.de\/en\/veroeffentlichungen\/","title":{"rendered":"Publications"},"content":{"rendered":"\n<p>-\u201cL\u2019Indivision et la R\u00e9partition des Dettes et des Cr\u00e9ances\u201d <em>(Joint Ownership of Estate by Co-heirs in French Law)<\/em>, Dissertation, M\u00fcnster, 1987<\/p>\n\n\n\n<p>-\u201cDer Konzern im Franz\u00f6sischen Internationalen Privatrecht\u201d <em>(The Multi-Corporate Enterprise in French International Private Law)<\/em>, Recht der Internationalen Wirtschaft, 1988<\/p>\n\n\n\n<p>-\u201cTake-Over\u201d, Der Unternehmer, 1988<\/p>\n\n\n\n<p>-\u201cBusiness Judgement Rule\u2019 and \u2018Corporate Take-Overs\u2019 \u201c, Die Aktiengesellschaft, 1990<\/p>\n\n\n\n<p>&#8211; \u201cVerteidigungsma\u00dfnahmen gegen Corporate Take-Overs in den USA\u201d <em>(Defenses against Corporate Take-Overs in the USA);<\/em>Zeitschrift f\u00fcr Vergleichende Rechtswissenschaft, 1990<\/p>\n\n\n\n<p>-Translation of the \u201c<strong>Umsatzsteuergesetz<\/strong>\u201d (German law on value added tax) into the French Language<em>, <\/em>Collection Jupiter, Tome Allemagne, 1993<\/p>\n\n\n\n<p>&#8211; \u201cAper\u00e7u du nouveau r\u00e9gime juridique de l\u2019insolvabilit\u00e9 en Allemagne\u201d <em>(An Overview of the New German Insolvency Law), <\/em>Revue des Proc\u00e9dures Collectives, 1996<\/p>\n\n\n\n<p>-\u201cSo behalten Sie sich Ihr Eigentumsrecht vor!\u201d <em>(How to reserve your property rights!), <\/em>Tip &amp; Rat, 1996<\/p>\n\n\n\n<p>-\u201cBrauchen Sie \u2018Allgemeine Gesch\u00e4ftsbedingungen\u2019?\u201d <em>(Do you need General Terms and Conditions?), <\/em>Tip &amp; Rat, 1996<\/p>\n\n\n\n<p>-\u201cH\u00fcten Sie sich vor Mehrdeutigkeit in Ihren AGB\u201d <em>(Protect Yourself from Ambiguity in General Terms and Conditions), <\/em>Tip &amp; Rat, 1996<\/p>\n\n\n\n<p>-\u201cZankapfel Vorf\u00e4lligkeitsentgelt\u201d <em>(The Apple of Discord &#8211; Reimbursement of payments), <\/em>Tip &amp; Rat, 1996<\/p>\n\n\n\n<p>-\u201cK\u00f6nnen mittellose Angeh\u00f6rige f\u00fcr die Firma b\u00fcrgen?\u201d <em>(Can relatives without resources stand as surety for your business?), <\/em>Tip &amp; Rat, 1996<\/p>\n\n\n\n<p>-\u201cBrennpunkt Insolvenzordnung: Restschuldbefreiung\u201d <em>(Focus on German Insolvency Regulations &#8211; Wiping the Balance),<\/em> Tip &amp; Rat, 1996<\/p>\n\n\n\n<p>-\u201cBrennpunkt GmbH: Kapitalersetzendes Darlehen\u201d <em>(Focus on Limited Companies in Germany (GmbH) &#8211; Capital Payment Loans),<\/em> Tip &amp; Rat, 1996<\/p>\n\n\n\n<p>-\u201cDas Internationale Privatrecht k\u00f6nnte auch Sie angehen\u201d <em>(International Private Law Could Concern You),<\/em> Tip &amp; Rat, 1996<\/p>\n\n\n\n<p>-\u201cGeldw\u00e4sche: Auch Sie m\u00fcssen kontrollieren!\u201d <em>(Money Laundering &#8211; You have to control it!),<\/em> Tip &amp; Rat, 1996<\/p>\n\n\n\n<p>-\u201cNeue Insolvenzordnung\u201d <em>(The New German Insolvency Regulations), <\/em>Tip &amp; Rat, 1997<\/p>\n\n\n\n<p>-\u201cLe nouveau droit du travail dans le droit allemand des proc\u00e9dures collectives\u201d <em>(The New Labor Law in Insolvency),<\/em> Revue des Proc\u00e9dures Collectives, 1997<\/p>\n\n\n\n<p>-Translation of the \u201c<strong>Insolvenzordnung<\/strong>\u201d (German Insolvency Regulations) into the French Language<em>, <\/em>Collection Jupiter, Tome Allemagne, 1997<\/p>\n\n\n\n<p>-\u201cL\u2019indemnit\u00e9 de mise \u00e0 pied pour cause de faillite en droit allemand de l\u2019insolvabilit\u00e9\u201d <em>(Compensation for employees in the case of an employer&#8217;s insolvency and its Significance in German Insolvency Law),<\/em> Revue des Proc\u00e9dures Collectives, 1998<\/p>\n\n\n\n<p>-\u201cLe droit des proc\u00e9dures collectives et le droit international priv\u00e9 allemand\u201d <em>(German International Insolvency Law),<\/em> Revue des Proc\u00e9dures Collectives, 1998<\/p>\n\n\n\n<p>-\u201cThe New Regulations Governing Insolvency in Germany\u201d, Le droit fil, June 1998<\/p>\n\n\n\n<p>-\u201cAllemagne: Une nouvelle loi sur les faillites\u201d <em>(Germany: A New Law Governing Insolvency),<\/em> Assexport, October 1998<\/p>\n\n\n\n<p>-\u201cEndettement des particuliers et lib\u00e9ration des dettes r\u00e9siduelles dans la nouvelle loi sur l\u2019insolvabilit\u00e9\u201d <em>(Consumer Credit and the Wiping of Debts under the New Insolvency Regulations),<\/em> Revue des Proc\u00e9dures Collectives, 1998<\/p>\n\n\n\n<p>-\u201cLe nouveau r\u00e9gime juridique de l\u2019insolvabilit\u00e9 en Allemagne\u201d <em>(The New German Insolvency Law),<\/em> Banque &amp; Droit, La pratique du droit bancaire, July\/August 1999<\/p>\n\n\n\n<p>-\u201eContrat SWAP\u201c, Jurilex n\u00b0 44- 2011<\/p>\n\n\n\n<p>I have held lectures\non various topics, among other things, at the <strong>Chambre de Commerce<\/strong> in Lille and at the <strong>Maison des Professions<\/strong> in Marcq-en-Baroeul.<\/p>\n","protected":false},"excerpt":{"rendered":"<p>-\u201cL\u2019Indivision et la R\u00e9partition des Dettes et des Cr\u00e9ances\u201d (Joint Ownership of Estate by Co-heirs in French Law), Dissertation, M\u00fcnster, 1987 -\u201cDer Konzern im Franz\u00f6sischen Internationalen Privatrecht\u201d (The Multi-Corporate Enterprise in French International Private Law), Recht der Internationalen Wirtschaft, 1988 -\u201cTake-Over\u201d, Der Unternehmer, 1988 -\u201cBusiness Judgement Rule\u2019 and \u2018Corporate Take-Overs\u2019 \u201c, Die Aktiengesellschaft, 1990 &#8211; &hellip; <a href=\"https:\/\/dr-trockels.de\/en\/veroeffentlichungen\/\" class=\"more-link\">Continue reading <span class=\"screen-reader-text\">Publications<\/span><\/a><\/p>\n","protected":false},"author":1,"featured_media":164,"parent":0,"menu_order":0,"comment_status":"closed","ping_status":"closed","template":"","meta":{"_monsterinsights_skip_tracking":false,"_monsterinsights_sitenote_active":false,"_monsterinsights_sitenote_note":"","_monsterinsights_sitenote_category":0,"footnotes":""},"class_list":["post-56","page","type-page","status-publish","has-post-thumbnail","hentry"],"translation":{"provider":"WPGlobus","version":"3.0.1","language":"en","enabled_languages":["de","en","fr"],"languages":{"de":{"title":true,"content":true,"excerpt":false},"en":{"title":true,"content":true,"excerpt":false},"fr":{"title":true,"content":true,"excerpt":false}}},"aioseo_notices":[],"_links":{"self":[{"href":"https:\/\/dr-trockels.de\/en\/wp-json\/wp\/v2\/pages\/56","targetHints":{"allow":["GET"]}}],"collection":[{"href":"https:\/\/dr-trockels.de\/en\/wp-json\/wp\/v2\/pages"}],"about":[{"href":"https:\/\/dr-trockels.de\/en\/wp-json\/wp\/v2\/types\/page"}],"author":[{"embeddable":true,"href":"https:\/\/dr-trockels.de\/en\/wp-json\/wp\/v2\/users\/1"}],"replies":[{"embeddable":true,"href":"https:\/\/dr-trockels.de\/en\/wp-json\/wp\/v2\/comments?post=56"}],"version-history":[{"count":13,"href":"https:\/\/dr-trockels.de\/en\/wp-json\/wp\/v2\/pages\/56\/revisions"}],"predecessor-version":[{"id":292,"href":"https:\/\/dr-trockels.de\/en\/wp-json\/wp\/v2\/pages\/56\/revisions\/292"}],"wp:featuredmedia":[{"embeddable":true,"href":"https:\/\/dr-trockels.de\/en\/wp-json\/wp\/v2\/media\/164"}],"wp:attachment":[{"href":"https:\/\/dr-trockels.de\/en\/wp-json\/wp\/v2\/media?parent=56"}],"curies":[{"name":"wp","href":"https:\/\/api.w.org\/{rel}","templated":true}]}}